{"id":990755,"date":"2023-10-10T14:20:15","date_gmt":"2023-10-10T14:20:15","guid":{"rendered":"https:\/\/www.rivadeifrati.it\/cookie-politik\/"},"modified":"2023-10-11T18:51:59","modified_gmt":"2023-10-11T18:51:59","slug":"cookie-politik","status":"publish","type":"page","link":"https:\/\/www.rivadeifrati.it\/de\/cookie-politik\/","title":{"rendered":"Cookie-Politik"},"content":{"rendered":"\t\t<div data-elementor-type=\"wp-page\" data-elementor-id=\"990755\" class=\"elementor elementor-990755 elementor-990565\" data-elementor-post-type=\"page\">\n\t\t\t\t\t\t<section class=\"elementor-section elementor-top-section elementor-element elementor-element-d2a7b94 elementor-section-boxed elementor-section-height-default elementor-section-height-default\" data-id=\"d2a7b94\" data-element_type=\"section\">\n\t\t\t\t\t\t<div class=\"elementor-container elementor-column-gap-default\">\n\t\t\t\t\t<div class=\"elementor-column elementor-col-100 elementor-top-column elementor-element elementor-element-573e891\" data-id=\"573e891\" data-element_type=\"column\">\n\t\t\t<div class=\"elementor-widget-wrap elementor-element-populated\">\n\t\t\t\t\t\t<div class=\"elementor-element elementor-element-abafeee elementor-widget elementor-widget-heading\" data-id=\"abafeee\" data-element_type=\"widget\" data-widget_type=\"heading.default\">\n\t\t\t\t<div class=\"elementor-widget-container\">\n\t\t\t<h2 class=\"elementor-heading-title elementor-size-default\">Cookie-Politik<\/h2>\t\t<\/div>\n\t\t\t\t<\/div>\n\t\t\t\t<div class=\"elementor-element elementor-element-c1b67d3 elementor-widget elementor-widget-text-editor\" data-id=\"c1b67d3\" data-element_type=\"widget\" data-widget_type=\"text-editor.default\">\n\t\t\t\t<div class=\"elementor-widget-container\">\n\t\t\t\t\t\t\t<h3 class=\"cookielaw_h2\">Was sind Cookies?<\/h3>\n<div> <\/div>\n<p>Ein &#8222;Cookie&#8220; ist eine Datei, die auf dem Computer des Nutzers angelegt wird, wenn dieser auf die Website zugreift, und die dazu dient, Informationen zu speichern und zu \u00fcbermitteln. Cookies werden von dem Server, auf dem die Website l\u00e4uft, an den Browser des Nutzers (Google Chrome, Mozilla Firefox, Apple Safari, Internet Explorer usw.) gesendet und auf dessen Computer gespeichert; sie werden dann von der Website gelesen, um auf diese Informationen zuzugreifen.<\/p>\n<p>W\u00e4hrend des Surfens kann der Nutzer auch Cookies von anderen Websites (so genannte &#8222;Drittanbieter&#8220;-Cookies) auf seinem Endger\u00e4t empfangen, die direkt von den Betreibern dieser Websites gesetzt und zu den von ihnen festgelegten Zwecken und in der von ihnen festgelegten Weise verwendet werden.<\/p>\n<h3 class=\"cookielaw_h2\">Arten von Cookies auf dieser Website<\/h3>\n<div> <\/div>\n<p><strong>Cookies des Eigent\u00fcmers<\/strong> <br \/>Diese Website verwendet nur technische Cookies, die kein Profil des Nutzers erstellen und f\u00fcr die gem\u00e4\u00df Art. 122 des Datenschutzgesetzes und der Garante-Verordnung vom 8. Mai 2014 ist keine Einwilligung der betroffenen Person erforderlich.<\/p>\n<p>Konkret verwendet die Website:<br \/>Technische Cookies, die f\u00fcr das Surfen auf der Website erforderlich sind.<\/p>\n<p><strong>Ohne diese Cookies w\u00fcrde die Website nicht richtig funktionieren.<\/strong><\/p>\n<p><strong>Cookies von Dritten<\/strong> <br \/>Diese Website installiert einige Cookies von Dritten, die statistische Daten in anonymer Form sammeln. Nach geltendem Recht ist es nicht zwingend erforderlich, die Zustimmung zur Verwendung von Cookies dieser Art einzuholen, wenn die Daten anonym erhoben werden. Diese Cookies sind daher standardm\u00e4\u00dfig aktiv, k\u00f6nnen aber deaktiviert werden.<\/p>\n<p><strong>Google Analytics<\/strong> <br \/>Google Analytics ist ein Webanalysedienst, der von Google Inc. Google verwendet die gesammelten personenbezogenen Daten, um Ihre Nutzung dieser Website auszuwerten, Berichte zu erstellen und sie mit anderen von Google angebotenen Diensten zu teilen.<br \/>Die von Google Analytics erzeugten Daten werden von Google in den Vereinigten Staaten gespeichert.<\/p>\n<h3 class=\"cookielaw_h2\">Modalit\u00e4ten der Behandlung<\/h3>\n<div> <\/div>\n<p>Die Verarbeitung erfolgt mit automatisierten Werkzeugen. Es findet keine Verbreitung oder Mitteilung statt.<\/p>\n<h3 class=\"cookielaw_h2\">Bereitstellung von Daten<\/h3>\n<div> <\/div>\n<p>Mit Ausnahme der technischen Cookies, die f\u00fcr das normale Surfen unbedingt erforderlich sind, wird die Bereitstellung von Daten dem Willen der betroffenen Person \u00fcberlassen, die sich entscheidet, die Website zu besuchen, nachdem sie die im obigen Banner enthaltenen kurzen Informationen gelesen hat, und die Dienste zu nutzen, die die Installation von Cookies erfordern.<\/p>\n<h3 class=\"cookielaw_h2\">Deaktivieren von Cookies<\/h3>\n<div> <\/div>\n<p>Unbeschadet der obigen Ausf\u00fchrungen zu Cookies, die f\u00fcr das Surfen unbedingt erforderlich sind, kann der Nutzer Cookies von Dritten \u00fcber die auf dieser Seite zur Verf\u00fcgung gestellte Funktion oder direkt \u00fcber seinen Browser l\u00f6schen.<br \/>Jeder Browser verf\u00fcgt \u00fcber unterschiedliche Verfahren zur Verwaltung der Einstellungen.<\/p>\n<h3 class=\"cookielaw_h2\">Rechte der betroffenen Person<\/h3>\n<div> <\/div>\n<p>Die Nutzer k\u00f6nnen ihre Rechte jederzeit geltend machen, indem sie sich an den f\u00fcr die Verarbeitung Verantwortlichen wenden, indem sie eine E-Mail an info@rivadeifrati.it senden.<\/p>\n\t\t\t\t\t\t<\/div>\n\t\t\t\t<\/div>\n\t\t\t\t\t<\/div>\n\t\t<\/div>\n\t\t\t\t\t<\/div>\n\t\t<\/section>\n\t\t\t\t<\/div>\n\t\t","protected":false},"excerpt":{"rendered":"<p>Cookie-Politik Was sind Cookies? Ein &#8222;Cookie&#8220; ist eine Datei, die auf dem Computer des Nutzers angelegt wird, wenn dieser auf die Website zugreift, und die dazu dient, Informationen zu speichern und zu \u00fcbermitteln. Cookies werden von dem Server, auf dem die Website l\u00e4uft, an den Browser des Nutzers (Google Chrome, Mozilla Firefox, Apple Safari, Internet&#8230;<\/p>\n","protected":false},"author":1,"featured_media":0,"parent":0,"menu_order":0,"comment_status":"closed","ping_status":"closed","template":"","meta":{"inline_featured_image":false,"footnotes":""},"class_list":["post-990755","page","type-page","status-publish","hentry"],"yoast_head":"<!-- This site is optimized with the Yoast SEO plugin v24.5 - https:\/\/yoast.com\/wordpress\/plugins\/seo\/ -->\n<title>Cookie-Politik - Riva dei Frati<\/title>\n<meta name=\"robots\" content=\"index, follow, max-snippet:-1, max-image-preview:large, max-video-preview:-1\" \/>\n<link rel=\"canonical\" href=\"https:\/\/www.rivadeifrati.it\/it\/cookies\/\" \/>\n<meta property=\"og:locale\" content=\"de_DE\" \/>\n<meta property=\"og:type\" content=\"article\" \/>\n<meta property=\"og:title\" content=\"Cookie-Politik - Riva dei Frati\" \/>\n<meta property=\"og:description\" content=\"Cookie-Politik Was sind Cookies? Ein &#8222;Cookie&#8220; ist eine Datei, die auf dem Computer des Nutzers angelegt wird, wenn dieser auf die Website zugreift, und die dazu dient, Informationen zu speichern und zu \u00fcbermitteln. Cookies werden von dem Server, auf dem die Website l\u00e4uft, an den Browser des Nutzers (Google Chrome, Mozilla Firefox, Apple Safari, Internet...\" \/>\n<meta property=\"og:url\" content=\"https:\/\/www.rivadeifrati.it\/it\/cookies\/\" \/>\n<meta property=\"og:site_name\" content=\"Riva dei Frati\" \/>\n<meta property=\"article:modified_time\" content=\"2023-10-11T18:51:59+00:00\" \/>\n<meta name=\"twitter:card\" content=\"summary_large_image\" \/>\n<meta name=\"twitter:label1\" content=\"Gesch\u00e4tzte Lesezeit\" \/>\n\t<meta name=\"twitter:data1\" content=\"2\u00a0Minuten\" \/>\n<script type=\"application\/ld+json\" class=\"yoast-schema-graph\">{\"@context\":\"https:\/\/schema.org\",\"@graph\":[{\"@type\":\"WebPage\",\"@id\":\"https:\/\/www.rivadeifrati.it\/it\/cookies\/\",\"url\":\"https:\/\/www.rivadeifrati.it\/it\/cookies\/\",\"name\":\"Cookie-Politik - Riva dei Frati\",\"isPartOf\":{\"@id\":\"https:\/\/www.rivadeifrati.it\/it\/#website\"},\"datePublished\":\"2023-10-10T14:20:15+00:00\",\"dateModified\":\"2023-10-11T18:51:59+00:00\",\"breadcrumb\":{\"@id\":\"https:\/\/www.rivadeifrati.it\/it\/cookies\/#breadcrumb\"},\"inLanguage\":\"de\",\"potentialAction\":[{\"@type\":\"ReadAction\",\"target\":[\"https:\/\/www.rivadeifrati.it\/it\/cookies\/\"]}]},{\"@type\":\"BreadcrumbList\",\"@id\":\"https:\/\/www.rivadeifrati.it\/it\/cookies\/#breadcrumb\",\"itemListElement\":[{\"@type\":\"ListItem\",\"position\":1,\"name\":\"Home\",\"item\":\"https:\/\/www.rivadeifrati.it\/en\/\"},{\"@type\":\"ListItem\",\"position\":2,\"name\":\"Cookie-Politik\"}]},{\"@type\":\"WebSite\",\"@id\":\"https:\/\/www.rivadeifrati.it\/it\/#website\",\"url\":\"https:\/\/www.rivadeifrati.it\/it\/\",\"name\":\"Riva dei Frati\",\"description\":\"\",\"publisher\":{\"@id\":\"https:\/\/www.rivadeifrati.it\/it\/#organization\"},\"inLanguage\":\"de\"},{\"@type\":\"Organization\",\"@id\":\"https:\/\/www.rivadeifrati.it\/it\/#organization\",\"name\":\"Riva dei Frati\",\"url\":\"https:\/\/www.rivadeifrati.it\/it\/\",\"logo\":{\"@type\":\"ImageObject\",\"inLanguage\":\"de\",\"@id\":\"https:\/\/www.rivadeifrati.it\/it\/#\/schema\/logo\/image\/\",\"url\":\"https:\/\/www.rivadeifrati.it\/wp-content\/uploads\/2020\/03\/LOGO-ORO.png\",\"contentUrl\":\"https:\/\/www.rivadeifrati.it\/wp-content\/uploads\/2020\/03\/LOGO-ORO.png\",\"width\":1237,\"height\":501,\"caption\":\"Riva dei Frati\"},\"image\":{\"@id\":\"https:\/\/www.rivadeifrati.it\/it\/#\/schema\/logo\/image\/\"}}]}<\/script>\n<!-- \/ Yoast SEO plugin. -->","yoast_head_json":{"title":"Cookie-Politik - Riva dei Frati","robots":{"index":"index","follow":"follow","max-snippet":"max-snippet:-1","max-image-preview":"max-image-preview:large","max-video-preview":"max-video-preview:-1"},"canonical":"https:\/\/www.rivadeifrati.it\/it\/cookies\/","og_locale":"de_DE","og_type":"article","og_title":"Cookie-Politik - Riva dei Frati","og_description":"Cookie-Politik Was sind Cookies? Ein &#8222;Cookie&#8220; ist eine Datei, die auf dem Computer des Nutzers angelegt wird, wenn dieser auf die Website zugreift, und die dazu dient, Informationen zu speichern und zu \u00fcbermitteln. Cookies werden von dem Server, auf dem die Website l\u00e4uft, an den Browser des Nutzers (Google Chrome, Mozilla Firefox, Apple Safari, Internet...","og_url":"https:\/\/www.rivadeifrati.it\/it\/cookies\/","og_site_name":"Riva dei Frati","article_modified_time":"2023-10-11T18:51:59+00:00","twitter_card":"summary_large_image","twitter_misc":{"Gesch\u00e4tzte Lesezeit":"2\u00a0Minuten"},"schema":{"@context":"https:\/\/schema.org","@graph":[{"@type":"WebPage","@id":"https:\/\/www.rivadeifrati.it\/it\/cookies\/","url":"https:\/\/www.rivadeifrati.it\/it\/cookies\/","name":"Cookie-Politik - Riva dei Frati","isPartOf":{"@id":"https:\/\/www.rivadeifrati.it\/it\/#website"},"datePublished":"2023-10-10T14:20:15+00:00","dateModified":"2023-10-11T18:51:59+00:00","breadcrumb":{"@id":"https:\/\/www.rivadeifrati.it\/it\/cookies\/#breadcrumb"},"inLanguage":"de","potentialAction":[{"@type":"ReadAction","target":["https:\/\/www.rivadeifrati.it\/it\/cookies\/"]}]},{"@type":"BreadcrumbList","@id":"https:\/\/www.rivadeifrati.it\/it\/cookies\/#breadcrumb","itemListElement":[{"@type":"ListItem","position":1,"name":"Home","item":"https:\/\/www.rivadeifrati.it\/en\/"},{"@type":"ListItem","position":2,"name":"Cookie-Politik"}]},{"@type":"WebSite","@id":"https:\/\/www.rivadeifrati.it\/it\/#website","url":"https:\/\/www.rivadeifrati.it\/it\/","name":"Riva dei Frati","description":"","publisher":{"@id":"https:\/\/www.rivadeifrati.it\/it\/#organization"},"inLanguage":"de"},{"@type":"Organization","@id":"https:\/\/www.rivadeifrati.it\/it\/#organization","name":"Riva dei Frati","url":"https:\/\/www.rivadeifrati.it\/it\/","logo":{"@type":"ImageObject","inLanguage":"de","@id":"https:\/\/www.rivadeifrati.it\/it\/#\/schema\/logo\/image\/","url":"https:\/\/www.rivadeifrati.it\/wp-content\/uploads\/2020\/03\/LOGO-ORO.png","contentUrl":"https:\/\/www.rivadeifrati.it\/wp-content\/uploads\/2020\/03\/LOGO-ORO.png","width":1237,"height":501,"caption":"Riva dei Frati"},"image":{"@id":"https:\/\/www.rivadeifrati.it\/it\/#\/schema\/logo\/image\/"}}]}},"_links":{"self":[{"href":"https:\/\/www.rivadeifrati.it\/de\/wp-json\/wp\/v2\/pages\/990755","targetHints":{"allow":["GET"]}}],"collection":[{"href":"https:\/\/www.rivadeifrati.it\/de\/wp-json\/wp\/v2\/pages"}],"about":[{"href":"https:\/\/www.rivadeifrati.it\/de\/wp-json\/wp\/v2\/types\/page"}],"author":[{"embeddable":true,"href":"https:\/\/www.rivadeifrati.it\/de\/wp-json\/wp\/v2\/users\/1"}],"replies":[{"embeddable":true,"href":"https:\/\/www.rivadeifrati.it\/de\/wp-json\/wp\/v2\/comments?post=990755"}],"version-history":[{"count":1,"href":"https:\/\/www.rivadeifrati.it\/de\/wp-json\/wp\/v2\/pages\/990755\/revisions"}],"predecessor-version":[{"id":990756,"href":"https:\/\/www.rivadeifrati.it\/de\/wp-json\/wp\/v2\/pages\/990755\/revisions\/990756"}],"wp:attachment":[{"href":"https:\/\/www.rivadeifrati.it\/de\/wp-json\/wp\/v2\/media?parent=990755"}],"curies":[{"name":"wp","href":"https:\/\/api.w.org\/{rel}","templated":true}]}}