{"id":990759,"date":"2023-10-10T14:27:09","date_gmt":"2023-10-10T14:27:09","guid":{"rendered":"https:\/\/www.rivadeifrati.it\/datenschutzbestimmungen\/"},"modified":"2024-07-22T15:28:02","modified_gmt":"2024-07-22T15:28:02","slug":"datenschutzbestimmungen","status":"publish","type":"page","link":"https:\/\/www.rivadeifrati.it\/de\/datenschutzbestimmungen\/","title":{"rendered":"Datenschutzbestimmungen"},"content":{"rendered":"\t\t<div data-elementor-type=\"wp-page\" data-elementor-id=\"990759\" class=\"elementor elementor-990759 elementor-990577\" data-elementor-post-type=\"page\">\n\t\t\t\t\t\t<section class=\"elementor-section elementor-top-section elementor-element elementor-element-2b4eda5 elementor-section-boxed elementor-section-height-default elementor-section-height-default\" data-id=\"2b4eda5\" data-element_type=\"section\">\n\t\t\t\t\t\t<div class=\"elementor-container elementor-column-gap-default\">\n\t\t\t\t\t<div class=\"elementor-column elementor-col-100 elementor-top-column elementor-element elementor-element-c19986e\" data-id=\"c19986e\" data-element_type=\"column\">\n\t\t\t<div class=\"elementor-widget-wrap elementor-element-populated\">\n\t\t\t\t\t\t<div class=\"elementor-element elementor-element-6dd2bda elementor-widget elementor-widget-heading\" data-id=\"6dd2bda\" data-element_type=\"widget\" data-widget_type=\"heading.default\">\n\t\t\t\t<div class=\"elementor-widget-container\">\n\t\t\t<h2 class=\"elementor-heading-title elementor-size-default\">Datenschutzbestimmungen<\/h2>\t\t<\/div>\n\t\t\t\t<\/div>\n\t\t\t\t<div class=\"elementor-element elementor-element-5f80aeb elementor-widget elementor-widget-text-editor\" data-id=\"5f80aeb\" data-element_type=\"widget\" data-widget_type=\"text-editor.default\">\n\t\t\t\t<div class=\"elementor-widget-container\">\n\t\t\t\t\t\t\t<p><strong>Informationen gem\u00e4\u00df der Verordnung (EU) 2016\/679 (&#8222;GDPR&#8220;)<\/strong><\/p><p>In diesem Dokument werden die Methoden erl\u00e4utert, mit denen die RIVA DEI FRATI S.r.l. verwendet und verwaltet die personenbezogenen Daten seiner Besucher\/Endnutzer, in deren Besitz sie gelangt, mit dem Ziel, die aktuelle Gesetzgebung zum Schutz der Privatsph\u00e4re gem\u00e4\u00df der EU-Verordnung 2016\/679 (&#8222;GDPR&#8220;) vollst\u00e4ndig umzusetzen. Die folgenden Informationen beziehen sich auf die Website www.rivadeifrati.it.<\/p><p><strong>WELCHE ARTEN VON DATEN WERDEN VON UNS ERFASST?<\/strong><\/p><p>Wenn Sie unsere Dienste nutzen, erkl\u00e4ren Sie sich damit einverstanden, dass unser Unternehmen einige Ihrer pers\u00f6nlichen Daten sammelt. Auf dieser Seite erfahren Sie, welche Daten wir sammeln, warum und wie wir sie verwenden.<\/p><p>Wir haben es mit zwei Arten von Daten zu tun:<\/p><p><strong>Vom Nutzer bereitgestellte Daten<br \/><\/strong>Wenn Sie eine Privatperson sind, bitten wir Sie bei der Registrierung oder Beantwortung einer Anzeige um die Angabe einiger Daten wie Adresse, E-Mail und Passwort.<br \/>Wenn Sie eine Dienstleistung auf der Website kaufen, bitten wir Sie je nach Art des gekauften Produkts um die Angabe folgender Daten: Name, vollst\u00e4ndige Adresse, Steuernummer (f\u00fcr Italiener) und Telefonnummer<\/p><p><strong>Daten Dritter<br \/><\/strong>Wenn Sie personenbezogene Daten Dritter, z. B. Ihrer Familienangeh\u00f6rigen oder Freunde (insbesondere im Rahmen des Geschenkkaufs), zur Verf\u00fcgung stellen, m\u00fcssen Sie sicher sein, dass diese Personen angemessen informiert wurden und der entsprechenden Verarbeitung in der in dieser Richtlinie beschriebenen Weise zugestimmt haben.<\/p><p><strong>Daten von Minderj\u00e4hrigen<\/strong><br \/>Wenn Sie unter 18 Jahre alt sind, d\u00fcrfen Sie uns keine pers\u00f6nlichen Daten zur Verf\u00fcgung stellen und sich auch nicht auf rivadeifrati.de registrieren, und in jedem Fall \u00fcbernehmen wir keine Haftung f\u00fcr falsche Angaben, die Sie machen.<\/p><p><strong>Daten, die wir automatisch sammeln<\/strong><\/p><p>Durch die von Ihnen genutzten Dienste erheben wir die folgenden Daten:<br \/>technische Daten: z. B. IP-Adresse, Browsertyp, Informationen \u00fcber Ihren Computer, Daten \u00fcber den aktuellen (ungef\u00e4hren) Standort des von Ihnen verwendeten Tools;<br \/>Daten, die mit Hilfe von Cookies oder \u00e4hnlichen Technologien erhoben werden: Weitere Informationen finden Sie im Abschnitt &#8222;Cookies&#8220;.<br \/>Ihre Daten werden auf einem Server in Italien (netsons) gespeichert.<\/p><p><strong>1. WIE VERWENDEN WIR DIE ERHOBENEN DATEN?<\/strong><\/p><p>Wir verwenden die erhobenen Daten, um Ihnen unseren Service anzubieten, Sie \u00fcber unsere Gesch\u00e4ftsaktivit\u00e4ten zu informieren oder Ihnen einen individuelleren Service zu bieten.<\/p><p><strong>1.1. Sicherstellung des Zugangs zu und der Erbringung unserer Dienstleistungen<\/strong><\/p><p>Wir verwenden sie f\u00fcr Mitteilungen im Zusammenhang mit der Erbringung der Dienstleistung<br \/>Eine solche Verarbeitung ist f\u00fcr die ordnungsgem\u00e4\u00dfe Erbringung unserer Dienstleistungen erforderlich.<br \/>Wir verwenden Ihre Daten auch, um den Dienst zu verbessern und zu implementieren, und zwar durch die folgenden Verfahren:<br \/>Ermittlung Ihres aktuellen (ungef\u00e4hren) Standorts, um die Anzeige von Ereignissen\/Erlebnissen in Ihrer N\u00e4he auf der auf der Website ver\u00f6ffentlichten Karte zu erleichtern Mitteilungen \u00fcber Dienste, die den von Ihnen genutzten Diensten \u00e4hneln Marktforschung und Umfragen zur Nutzerzufriedenheit<\/p><p>Diese Verarbeitung beruht auf dem berechtigten Interesse des f\u00fcr die Verarbeitung Verantwortlichen (siehe Punkt 3.1), und Sie k\u00f6nnen jederzeit Widerspruch einlegen.<br \/>Die Bereitstellung der personenbezogenen Daten ist ausschlie\u00dflich f\u00fcr die Verarbeitung erforderlich, um die von rivadeifrati.it angebotenen Dienstleistungen zu erbringen. Die Bereitstellung von Daten f\u00fcr Werbezwecke und zur Profilerstellung ist jedoch fakultativ.<\/p><p><strong>1.2. Um Sie \u00fcber unsere Gesch\u00e4ftsaktivit\u00e4ten zu informieren<\/strong><\/p><p>Wir verwenden die erhobenen Daten, sofern Sie uns ausdr\u00fccklich Ihr Einverst\u00e4ndnis gegeben haben, um Sie per E-Mail, per Telefonanruf, per Newsletter, durch unseren Kundendienst im Verkauf und nach dem Verkauf \u00fcber Werbeaktionen zu informieren, die f\u00fcr Sie von Interesse sein k\u00f6nnten.<br \/>Wir analysieren auch Daten wie die Anzahl der ge\u00f6ffneten E-Mails, die Klicks auf Links in der Mitteilung, die Art des zum Lesen der Mitteilung verwendeten Ger\u00e4ts und dessen Betriebssystem oder die Liste der Abmeldungen vom Newsletter.<\/p><p><strong>1.3. F\u00fcr Profiling-Zwecke<\/strong><\/p><p>Wir verarbeiten die gesammelten Daten, wenn Sie uns ausdr\u00fccklich Ihre Zustimmung gegeben haben, um Ihre Konsumgewohnheiten oder Ihre Wahl zu analysieren, um Ihnen einen besser auf Ihre Interessen abgestimmten Service zu bieten und unser kommerzielles Angebot zu verbessern.<\/p><p><strong>2. WER SIND DIE PROBANDEN DER BEHANDLUNG?<\/strong><\/p><p><strong>2.1. Verantwortlicher f\u00fcr die Datenverarbeitung<\/strong><\/p><p>Der Inhaber der pers\u00f6nlichen Daten ist &#8222;RIVA DEI FRATI S.r.l.&#8220; in der Person von Cesare Adami. Die Verarbeitung der Daten erfolgt durch den Inhaber der Datenverarbeitung und\/oder durch speziell beauftragte Datenverarbeiter und ist stets darauf ausgerichtet, die Vertraulichkeit und Sicherheit der Daten in voller \u00dcbereinstimmung mit dem oben genannten Datenschutzgesetz zu gew\u00e4hrleisten.<\/p><p><strong>Datenverarbeiter<\/strong><\/p><p>Der Inhaber der Datenverarbeitung ist Clever Srl, die f\u00fcr die Verwaltung und den Betrieb der Technologieplattform rivadeifrati.it zust\u00e4ndig ist.<\/p><p><strong>2.2. Personen, an die personenbezogene Daten weitergegeben werden k\u00f6nnen<\/strong><\/p><p>Die personenbezogenen Daten k\u00f6nnen den Verantwortlichen f\u00fcr die Verarbeitung und all jenen Personen zur Kenntnis gebracht werden, denen sie zur ordnungsgem\u00e4\u00dfen Erf\u00fcllung der unter den Punkten 1.1, 1.2 und 1.3 genannten Zwecke mitgeteilt werden m\u00fcssen, sowie Mitarbeitern oder externen Personen, denen RIVA DEI FRATI S.r.l. bestimmte funktionelle T\u00e4tigkeiten zur Konsultation und\/oder Verwaltung der Webplattformen und der verlinkten Websites anvertraut oder anvertrauen kann.<br \/>rivadeifrati.it wird vom Clever Srl, verwaltet. Er ist f\u00fcr die Verwaltung der Berichterstattung zust\u00e4ndig. Die Kundenbetreuung erfolgt intern, also nicht durch Dritte, sondern immer durch unser eigenes Team. F\u00fcr Analysedienste verwenden wir Google Analytics; f\u00fcr Mailings verwenden wir Mailchimp<br \/>Diese Einrichtungen werden als autonome f\u00fcr die Datenverarbeitung Verantwortliche handeln. Die Daten des Nutzers k\u00f6nnen in den gesetzlich vorgesehenen F\u00e4llen an die Justiz- oder Verwaltungsbeh\u00f6rden oder an andere \u00f6ffentliche Stellen, die dazu berechtigt sind, weitergegeben werden.<br \/>Ihre personenbezogenen Daten k\u00f6nnen zur Verarbeitung durch einige unserer Dienstleister in L\u00e4nder au\u00dferhalb der Europ\u00e4ischen Union \u00fcbermittelt werden. In diesem Fall stellen wir sicher, dass diese \u00dcbermittlung in \u00dcbereinstimmung mit den geltenden Rechtsvorschriften erfolgt.<br \/>Unter keinen Umst\u00e4nden werden personenbezogene Daten an Dritte weitergegeben oder verkauft.<\/p><p><strong>3. WIE K\u00d6NNEN SIE IHRE DATEN L\u00d6SCHEN, \u00c4NDERN ODER EINE KOPIE ERHALTEN?<\/strong><\/p><p>Sie k\u00f6nnen Ihre pers\u00f6nlichen Daten jederzeit in Ihrem reservierten Bereich einsehen. Loggen Sie sich in Ihr Konto ein und klicken Sie auf den Abschnitt &#8222;Reservierter Bereich&#8220;. Um Ihre pers\u00f6nlichen Daten zu exportieren oder deren L\u00f6schung zu beantragen, senden Sie bitte eine Anfrage an info@rivadeifrati.it.<br \/>Ihre pers\u00f6nlichen Daten werden innerhalb von 30 Tagen exportiert. Die L\u00f6schung erfolgt innerhalb des vorgeschriebenen technischen Zeitrahmens und in \u00dcbereinstimmung mit der in Abschnitt 5 unten angegebenen Aufbewahrungsfrist.<br \/>Jede nat\u00fcrliche Person, die unseren Dienst nutzt, kann:<\/p><ul><li>Ihre Rechte jederzeit auszu\u00fcben, indem Sie Auskunft \u00fcber das Vorhandensein Ihrer personenbezogenen Daten, deren Herkunft, den Zweck und die Modalit\u00e4ten der Verarbeitung verlangen, die Aktualisierung, Berichtigung, Erg\u00e4nzung, L\u00f6schung oder Einschr\u00e4nkung der Verarbeitung verlangen, wenn eine der in Artikel 18 der DSGVO genannten Bedingungen zutrifft, sowie die Umwandlung in anonyme Form oder die Sperrung personenbezogener Daten, die unter Versto\u00df gegen das Gesetz verarbeitet wurden, einschlie\u00dflich der Daten, deren Speicherung in Bezug auf die Zwecke, f\u00fcr die die Daten erhoben und\/oder sp\u00e4ter verarbeitet wurden, nicht erforderlich ist<\/li><li>sich aus berechtigten Gr\u00fcnden ganz oder teilweise der Verarbeitung von Daten, auch wenn sie dem Zweck der Erhebung entsprechen, sowie der Verarbeitung personenbezogener Daten zum Zwecke der Handelsinformation, des Versands von Werbematerial oder des Direktverkaufs, zu Markt- und Meinungsforschungszwecken oder f\u00fcr kommerzielle Mitteilungen zu widersetzen. Jeder Nutzer hat au\u00dferdem das Recht, seine Einwilligung jederzeit zu widerrufen, ohne dass dadurch die Rechtm\u00e4\u00dfigkeit der Verarbeitung aufgrund der vor dem Widerruf erteilten Einwilligung ber\u00fchrt wird<\/li><li>ihre personenbezogenen Daten, die sie wissentlich und aktiv oder durch die Nutzung des Dienstes zur Verf\u00fcgung gestellt haben, in einem strukturierten, allgemein gebr\u00e4uchlichen und maschinenlesbaren Format zu erhalten und sie ungehindert an einen anderen f\u00fcr die Datenverarbeitung Verantwortlichen zu \u00fcbermitteln<\/li><li>eine Beschwerde bei der italienischen Datenschutzbeh\u00f6rde einreichen<\/li><\/ul><p><strong>4. WIE UND WIE LANGE WERDEN IHRE DATEN GESPEICHERT?<\/strong><\/p><p>Die personenbezogenen Daten werden in Papierform und\/oder in elektronischer bzw. computergest\u00fctzter Form gespeichert, und zwar so lange, wie es f\u00fcr die Erf\u00fcllung der unter Punkt 1 genannten Zwecke unbedingt erforderlich ist, unter Beachtung Ihrer Privatsph\u00e4re und der geltenden Vorschriften.<br \/>Ihre Daten werden f\u00fcr Steuerzwecke 11 Jahre lang aufbewahrt. Zu Analysezwecken, die der Entwicklung und Verbesserung des Dienstes dienen, k\u00f6nnen die personenbezogenen Daten des Nutzers der gleichen Aufbewahrungsfrist unterworfen werden. Zu Zwecken des Direktmarketings und der Profilerstellung speichern wir Ihre Daten maximal so lange, wie es in den geltenden Rechtsvorschriften vorgesehen ist (24 bzw. 12 Monate).<br \/>Wird das Recht auf Vergessenwerden durch einen Antrag auf ausdr\u00fcckliche L\u00f6schung der von dem f\u00fcr die Verarbeitung Verantwortlichen verarbeiteten personenbezogenen Daten ausge\u00fcbt, so ist zu beachten, dass diese Daten in gesch\u00fctzter Form und mit eingeschr\u00e4nktem Zugang ausschlie\u00dflich zum Zwecke der Ermittlung und Verfolgung von Straftaten f\u00fcr einen Zeitraum von h\u00f6chstens 12 Monaten ab dem Datum des Antrags aufbewahrt werden und danach sicher gel\u00f6scht oder unwiderruflich anonymisiert werden.<br \/>Schlie\u00dflich m\u00f6chten wir Sie daran erinnern, dass zu den gleichen Zwecken die Daten des Telematikverkehrs, mit Ausnahme des Inhalts der Mitteilungen, gem\u00e4\u00df Art. 24 des Gesetzes Nr. 167\/2017, mit der die EU-Richtlinie 2017\/541 zur Terrorismusbek\u00e4mpfung umgesetzt wurde.<\/p><p><strong>5. WIE GEW\u00c4HRLEISTEN WIR DEN SCHUTZ IHRER DATEN?<\/strong><\/p><p>Die Daten werden von den unter Punkt 3 genannten Subjekten in \u00dcbereinstimmung mit den Angaben der Referenzgesetzgebung und unter besonderer Ber\u00fccksichtigung der von der DSGVO (Art. 32) vorgesehenen Sicherheitsma\u00dfnahmen f\u00fcr ihre Verarbeitung mit Hilfe von computergest\u00fctzten, manuellen und automatisierten Instrumenten und mit Logiken, die streng mit den unter Punkt 1 genannten Zwecken verbunden sind, und in jedem Fall so erhoben, dass die Sicherheit und Vertraulichkeit der Daten gew\u00e4hrleistet ist.<br \/>Die dort eingegebenen Daten k\u00f6nnen ausschlie\u00dflich zum Zweck der Aufdeckung illegaler Aktivit\u00e4ten oder von Inhalten, die nicht mit den Allgemeinen Gesch\u00e4ftsbedingungen \u00fcbereinstimmen, \u00fcberpr\u00fcft werden, d\u00fcrfen aber nicht zu kommerziellen oder Werbezwecken verarbeitet oder weitergegeben werden.<\/p><p><strong>6. COOKIE-INFORMATIONEN<\/strong><\/p><p>Es gibt zwei Arten der Verwendung von Cookies:<br \/>&#8211; Sitzungscookies, die nicht dauerhaft auf dem Computer des Nutzers gespeichert und beim Schlie\u00dfen des Browsers gel\u00f6scht werden und sich strikt auf die \u00dcbermittlung von Sitzungskennungen (bestehend aus vom Server generierten Zufallszahlen) beschr\u00e4nken, die f\u00fcr eine sichere und effiziente Erkundung der Website erforderlich sind. Insbesondere verwenden wir Sitzungscookies f\u00fcr die folgenden Zwecke:<br \/>-um dem Benutzer zu erm\u00f6glichen, Informationen durch die Seiten der Website zu transportieren und zu vermeiden, dass er sie mehrmals eingeben muss.<br \/>-um anonyme Statistiken zu erstellen, die es uns erm\u00f6glichen, zu verstehen, wie die Benutzer die Website nutzen, und um ihre Struktur zu verbessern.<br \/>&#8211; Cookies, die zum automatischen Ausf\u00fcllen von Formularen mit Daten geeignet sind, die der Nutzer bei einer fr\u00fcheren Anmeldung angegeben hat. Die auf dieser Website verwendeten Sitzungscookies vermeiden die Verwendung anderer Computertechniken, die die Vertraulichkeit des Surfens der Benutzer beeintr\u00e4chtigen k\u00f6nnten, und erm\u00f6glichen nicht die Erfassung personenbezogener Daten zur Identifizierung des Benutzers.<\/p><p><strong>6.1. Protokoll der Mittelbindungen<\/strong><\/p><p>RIVA DEI FRATI S.r.l. speichert die technischen Daten der Verbindungen (Logs), um die gesetzlich vorgeschriebenen Sicherheitskontrollen durchzuf\u00fchren und um die Qualit\u00e4t der angebotenen Dienstleistungen zu verbessern und sie an die Bed\u00fcrfnisse der Nutzer\/Besucher anzupassen. RIVA DEI FRATI S.r.l. sieht in \u00dcbereinstimmung mit den geltenden gesetzlichen Bestimmungen die Aufzeichnung von Logfiles vor. Diese Daten erm\u00f6glichen keine Identifizierung des Nutzers, au\u00dfer nach einer Reihe von Verarbeitungs- und Zusammenschaltungsvorg\u00e4ngen und notwendigerweise durch Daten, die von anderen Anbietern bereitgestellt werden. Vorg\u00e4nge, die nur auf Ersuchen der zust\u00e4ndigen Justizbeh\u00f6rden durchgef\u00fchrt werden d\u00fcrfen, die durch ausdr\u00fcckliche gesetzliche Bestimmungen zur Verhinderung und\/oder Verfolgung von Straftaten dazu erm\u00e4chtigt sind.<\/p><p><strong>7. SONSTIGE INFORMATIONEN<\/strong><\/p><p><strong>Standort<\/strong><\/p><p>Wenn Sie die Dienste von rivadeifrati.de oder die damit verbundenen Plattformen mit aktiver Standortverfolgung nutzen, k\u00f6nnen wir Informationen \u00fcber Ihren aktuellen (ungef\u00e4hren) Standort erfassen und verarbeiten. Diese Daten werden in anonymer Form und in einem Format verarbeitet, das eine pers\u00f6nliche Identifizierung des Nutzers nicht zul\u00e4sst, und dienen ausschlie\u00dflich dem Zweck, die Nutzung bestimmter standortbezogener Funktionen des Dienstes zu erm\u00f6glichen. Sie k\u00f6nnen die Lokalisierungsdienste jederzeit in den Einstellungen Ihres Browsers und\/oder Ger\u00e4ts aktivieren\/deaktivieren.<\/p><p><strong>\u00c4nderungen<\/strong><\/p><p>Diese Bekanntmachung kann \u00c4nderungen unterliegen. Im Falle wesentlicher \u00c4nderungen wird der Nutzer benachrichtigt.<br \/>Zuletzt aktualisiert: 24. Mai 2018<\/p>\t\t\t\t\t\t<\/div>\n\t\t\t\t<\/div>\n\t\t\t\t\t<\/div>\n\t\t<\/div>\n\t\t\t\t\t<\/div>\n\t\t<\/section>\n\t\t\t\t<\/div>\n\t\t","protected":false},"excerpt":{"rendered":"<p>Datenschutzbestimmungen Informationen gem\u00e4\u00df der Verordnung (EU) 2016\/679 (&#8222;GDPR&#8220;) In diesem Dokument werden die Methoden erl\u00e4utert, mit denen die RIVA DEI FRATI S.r.l. verwendet und verwaltet die personenbezogenen Daten seiner Besucher\/Endnutzer, in deren Besitz sie gelangt, mit dem Ziel, die aktuelle Gesetzgebung zum Schutz der Privatsph\u00e4re gem\u00e4\u00df der EU-Verordnung 2016\/679 (&#8222;GDPR&#8220;) vollst\u00e4ndig umzusetzen. Die folgenden Informationen&#8230;<\/p>\n","protected":false},"author":1,"featured_media":0,"parent":0,"menu_order":0,"comment_status":"closed","ping_status":"closed","template":"","meta":{"inline_featured_image":false,"footnotes":""},"class_list":["post-990759","page","type-page","status-publish","hentry"],"yoast_head":"<!-- This site is optimized with the Yoast SEO plugin v24.5 - https:\/\/yoast.com\/wordpress\/plugins\/seo\/ -->\n<title>Datenschutzbestimmungen - Riva dei Frati<\/title>\n<meta name=\"robots\" content=\"index, follow, max-snippet:-1, max-image-preview:large, max-video-preview:-1\" \/>\n<link rel=\"canonical\" href=\"https:\/\/www.rivadeifrati.it\/it\/privacy\/\" \/>\n<meta property=\"og:locale\" content=\"de_DE\" \/>\n<meta property=\"og:type\" content=\"article\" \/>\n<meta property=\"og:title\" content=\"Datenschutzbestimmungen - Riva dei Frati\" \/>\n<meta property=\"og:description\" content=\"Datenschutzbestimmungen Informationen gem\u00e4\u00df der Verordnung (EU) 2016\/679 (&#8222;GDPR&#8220;) In diesem Dokument werden die Methoden erl\u00e4utert, mit denen die RIVA DEI FRATI S.r.l. verwendet und verwaltet die personenbezogenen Daten seiner Besucher\/Endnutzer, in deren Besitz sie gelangt, mit dem Ziel, die aktuelle Gesetzgebung zum Schutz der Privatsph\u00e4re gem\u00e4\u00df der EU-Verordnung 2016\/679 (&#8222;GDPR&#8220;) vollst\u00e4ndig umzusetzen. Die folgenden Informationen...\" \/>\n<meta property=\"og:url\" content=\"https:\/\/www.rivadeifrati.it\/it\/privacy\/\" \/>\n<meta property=\"og:site_name\" content=\"Riva dei Frati\" \/>\n<meta property=\"article:modified_time\" content=\"2024-07-22T15:28:02+00:00\" \/>\n<meta name=\"twitter:card\" content=\"summary_large_image\" \/>\n<meta name=\"twitter:label1\" content=\"Gesch\u00e4tzte Lesezeit\" \/>\n\t<meta name=\"twitter:data1\" content=\"11\u00a0Minuten\" \/>\n<script type=\"application\/ld+json\" class=\"yoast-schema-graph\">{\"@context\":\"https:\/\/schema.org\",\"@graph\":[{\"@type\":\"WebPage\",\"@id\":\"https:\/\/www.rivadeifrati.it\/it\/privacy\/\",\"url\":\"https:\/\/www.rivadeifrati.it\/it\/privacy\/\",\"name\":\"Datenschutzbestimmungen - Riva dei Frati\",\"isPartOf\":{\"@id\":\"https:\/\/www.rivadeifrati.it\/it\/#website\"},\"datePublished\":\"2023-10-10T14:27:09+00:00\",\"dateModified\":\"2024-07-22T15:28:02+00:00\",\"breadcrumb\":{\"@id\":\"https:\/\/www.rivadeifrati.it\/it\/privacy\/#breadcrumb\"},\"inLanguage\":\"de\",\"potentialAction\":[{\"@type\":\"ReadAction\",\"target\":[\"https:\/\/www.rivadeifrati.it\/it\/privacy\/\"]}]},{\"@type\":\"BreadcrumbList\",\"@id\":\"https:\/\/www.rivadeifrati.it\/it\/privacy\/#breadcrumb\",\"itemListElement\":[{\"@type\":\"ListItem\",\"position\":1,\"name\":\"Home\",\"item\":\"https:\/\/www.rivadeifrati.it\/en\/\"},{\"@type\":\"ListItem\",\"position\":2,\"name\":\"Datenschutzbestimmungen\"}]},{\"@type\":\"WebSite\",\"@id\":\"https:\/\/www.rivadeifrati.it\/it\/#website\",\"url\":\"https:\/\/www.rivadeifrati.it\/it\/\",\"name\":\"Riva dei Frati\",\"description\":\"\",\"publisher\":{\"@id\":\"https:\/\/www.rivadeifrati.it\/it\/#organization\"},\"inLanguage\":\"de\"},{\"@type\":\"Organization\",\"@id\":\"https:\/\/www.rivadeifrati.it\/it\/#organization\",\"name\":\"Riva dei Frati\",\"url\":\"https:\/\/www.rivadeifrati.it\/it\/\",\"logo\":{\"@type\":\"ImageObject\",\"inLanguage\":\"de\",\"@id\":\"https:\/\/www.rivadeifrati.it\/it\/#\/schema\/logo\/image\/\",\"url\":\"https:\/\/www.rivadeifrati.it\/wp-content\/uploads\/2020\/03\/LOGO-ORO.png\",\"contentUrl\":\"https:\/\/www.rivadeifrati.it\/wp-content\/uploads\/2020\/03\/LOGO-ORO.png\",\"width\":1237,\"height\":501,\"caption\":\"Riva dei Frati\"},\"image\":{\"@id\":\"https:\/\/www.rivadeifrati.it\/it\/#\/schema\/logo\/image\/\"}}]}<\/script>\n<!-- \/ Yoast SEO plugin. -->","yoast_head_json":{"title":"Datenschutzbestimmungen - Riva dei Frati","robots":{"index":"index","follow":"follow","max-snippet":"max-snippet:-1","max-image-preview":"max-image-preview:large","max-video-preview":"max-video-preview:-1"},"canonical":"https:\/\/www.rivadeifrati.it\/it\/privacy\/","og_locale":"de_DE","og_type":"article","og_title":"Datenschutzbestimmungen - Riva dei Frati","og_description":"Datenschutzbestimmungen Informationen gem\u00e4\u00df der Verordnung (EU) 2016\/679 (&#8222;GDPR&#8220;) In diesem Dokument werden die Methoden erl\u00e4utert, mit denen die RIVA DEI FRATI S.r.l. verwendet und verwaltet die personenbezogenen Daten seiner Besucher\/Endnutzer, in deren Besitz sie gelangt, mit dem Ziel, die aktuelle Gesetzgebung zum Schutz der Privatsph\u00e4re gem\u00e4\u00df der EU-Verordnung 2016\/679 (&#8222;GDPR&#8220;) vollst\u00e4ndig umzusetzen. Die folgenden Informationen...","og_url":"https:\/\/www.rivadeifrati.it\/it\/privacy\/","og_site_name":"Riva dei Frati","article_modified_time":"2024-07-22T15:28:02+00:00","twitter_card":"summary_large_image","twitter_misc":{"Gesch\u00e4tzte Lesezeit":"11\u00a0Minuten"},"schema":{"@context":"https:\/\/schema.org","@graph":[{"@type":"WebPage","@id":"https:\/\/www.rivadeifrati.it\/it\/privacy\/","url":"https:\/\/www.rivadeifrati.it\/it\/privacy\/","name":"Datenschutzbestimmungen - Riva dei Frati","isPartOf":{"@id":"https:\/\/www.rivadeifrati.it\/it\/#website"},"datePublished":"2023-10-10T14:27:09+00:00","dateModified":"2024-07-22T15:28:02+00:00","breadcrumb":{"@id":"https:\/\/www.rivadeifrati.it\/it\/privacy\/#breadcrumb"},"inLanguage":"de","potentialAction":[{"@type":"ReadAction","target":["https:\/\/www.rivadeifrati.it\/it\/privacy\/"]}]},{"@type":"BreadcrumbList","@id":"https:\/\/www.rivadeifrati.it\/it\/privacy\/#breadcrumb","itemListElement":[{"@type":"ListItem","position":1,"name":"Home","item":"https:\/\/www.rivadeifrati.it\/en\/"},{"@type":"ListItem","position":2,"name":"Datenschutzbestimmungen"}]},{"@type":"WebSite","@id":"https:\/\/www.rivadeifrati.it\/it\/#website","url":"https:\/\/www.rivadeifrati.it\/it\/","name":"Riva dei Frati","description":"","publisher":{"@id":"https:\/\/www.rivadeifrati.it\/it\/#organization"},"inLanguage":"de"},{"@type":"Organization","@id":"https:\/\/www.rivadeifrati.it\/it\/#organization","name":"Riva dei Frati","url":"https:\/\/www.rivadeifrati.it\/it\/","logo":{"@type":"ImageObject","inLanguage":"de","@id":"https:\/\/www.rivadeifrati.it\/it\/#\/schema\/logo\/image\/","url":"https:\/\/www.rivadeifrati.it\/wp-content\/uploads\/2020\/03\/LOGO-ORO.png","contentUrl":"https:\/\/www.rivadeifrati.it\/wp-content\/uploads\/2020\/03\/LOGO-ORO.png","width":1237,"height":501,"caption":"Riva dei Frati"},"image":{"@id":"https:\/\/www.rivadeifrati.it\/it\/#\/schema\/logo\/image\/"}}]}},"_links":{"self":[{"href":"https:\/\/www.rivadeifrati.it\/de\/wp-json\/wp\/v2\/pages\/990759","targetHints":{"allow":["GET"]}}],"collection":[{"href":"https:\/\/www.rivadeifrati.it\/de\/wp-json\/wp\/v2\/pages"}],"about":[{"href":"https:\/\/www.rivadeifrati.it\/de\/wp-json\/wp\/v2\/types\/page"}],"author":[{"embeddable":true,"href":"https:\/\/www.rivadeifrati.it\/de\/wp-json\/wp\/v2\/users\/1"}],"replies":[{"embeddable":true,"href":"https:\/\/www.rivadeifrati.it\/de\/wp-json\/wp\/v2\/comments?post=990759"}],"version-history":[{"count":4,"href":"https:\/\/www.rivadeifrati.it\/de\/wp-json\/wp\/v2\/pages\/990759\/revisions"}],"predecessor-version":[{"id":991634,"href":"https:\/\/www.rivadeifrati.it\/de\/wp-json\/wp\/v2\/pages\/990759\/revisions\/991634"}],"wp:attachment":[{"href":"https:\/\/www.rivadeifrati.it\/de\/wp-json\/wp\/v2\/media?parent=990759"}],"curies":[{"name":"wp","href":"https:\/\/api.w.org\/{rel}","templated":true}]}}